{"id":831,"date":"2025-07-18T03:16:20","date_gmt":"2025-07-18T03:16:20","guid":{"rendered":"https:\/\/benivita.maktechinstitute.com\/?page_id=831"},"modified":"2025-11-22T20:18:08","modified_gmt":"2025-11-22T20:18:08","slug":"kevin-grimes-esq","status":"publish","type":"page","link":"https:\/\/benivita.com\/es\/kevin-grimes-esq\/","title":{"rendered":"Kevin Grimes, Esq"},"content":{"rendered":"<div data-elementor-type=\"wp-page\" data-elementor-id=\"831\" class=\"elementor elementor-831\" data-elementor-post-type=\"page\">\n\t\t\t\t\t\t<section class=\"elementor-section elementor-top-section elementor-element elementor-element-6731eb1 elementor-section-stretched elementor-section-height-min-height elementor-section-boxed elementor-section-height-default elementor-section-items-middle\" data-id=\"6731eb1\" data-element_type=\"section\" data-e-type=\"section\" data-settings=\"{&quot;background_background&quot;:&quot;classic&quot;,&quot;stretch_section&quot;:&quot;section-stretched&quot;}\">\n\t\t\t\t\t\t\t<div class=\"elementor-background-overlay\"><\/div>\n\t\t\t\t\t\t\t<div class=\"elementor-container elementor-column-gap-no\">\n\t\t\t\t\t<div class=\"elementor-column elementor-col-50 elementor-top-column elementor-element elementor-element-5087f2b\" data-id=\"5087f2b\" data-element_type=\"column\" data-e-type=\"column\">\n\t\t\t<div class=\"elementor-widget-wrap elementor-element-populated\">\n\t\t\t\t\t\t<div class=\"elementor-element elementor-element-df0531d elementor-invisible elementor-widget elementor-widget-heading\" data-id=\"df0531d\" data-element_type=\"widget\" data-e-type=\"widget\" data-settings=\"{&quot;_animation&quot;:&quot;fadeInUp&quot;}\" data-widget_type=\"heading.default\">\n\t\t\t\t\t<h2 class=\"elementor-heading-title elementor-size-default\">Equipo ejecutivo<\/h2>\t\t\t\t<\/div>\n\t\t\t\t\t<\/div>\n\t\t<\/div>\n\t\t\t\t<div class=\"elementor-column elementor-col-50 elementor-top-column elementor-element elementor-element-500bcbb\" data-id=\"500bcbb\" data-element_type=\"column\" data-e-type=\"column\">\n\t\t\t<div class=\"elementor-widget-wrap\">\n\t\t\t\t\t\t\t<\/div>\n\t\t<\/div>\n\t\t\t\t\t<\/div>\n\t\t<\/section>\n\t\t<div class=\"elementor-element elementor-element-ab5625b e-flex e-con-boxed e-con e-parent\" data-id=\"ab5625b\" data-element_type=\"container\" data-e-type=\"container\">\n\t\t\t\t\t<div class=\"e-con-inner\">\n\t\t<div class=\"elementor-element elementor-element-2826bd4 e-con-full e-flex e-con e-child\" data-id=\"2826bd4\" data-element_type=\"container\" data-e-type=\"container\">\n\t\t\t\t<div class=\"elementor-element elementor-element-086c551 elementor-widget elementor-widget-image\" data-id=\"086c551\" data-element_type=\"widget\" data-e-type=\"widget\" data-widget_type=\"image.default\">\n\t\t\t\t\t\t\t\t\t\t\t\t\t\t\t<img fetchpriority=\"high\" decoding=\"async\" width=\"386\" height=\"386\" src=\"https:\/\/benivita.com\/wp-content\/uploads\/2025\/07\/image.jpeg\" class=\"attachment-full size-full wp-image-317\" alt=\"\" srcset=\"https:\/\/benivita.com\/wp-content\/uploads\/2025\/07\/image.jpeg 386w, https:\/\/benivita.com\/wp-content\/uploads\/2025\/07\/image-300x300.jpeg 300w, https:\/\/benivita.com\/wp-content\/uploads\/2025\/07\/image-150x150.jpeg 150w\" sizes=\"(max-width: 386px) 100vw, 386px\" \/>\t\t\t\t\t\t\t\t\t\t\t\t\t\t\t<\/div>\n\t\t\t\t<\/div>\n\t\t<div class=\"elementor-element elementor-element-80d5394 e-con-full e-flex e-con e-child\" data-id=\"80d5394\" data-element_type=\"container\" data-e-type=\"container\" data-settings=\"{&quot;background_background&quot;:&quot;classic&quot;}\">\n\t\t\t\t<div class=\"elementor-element elementor-element-cfbb888 elementor-invisible elementor-widget elementor-widget-heading\" data-id=\"cfbb888\" data-element_type=\"widget\" data-e-type=\"widget\" data-settings=\"{&quot;_animation&quot;:&quot;fadeInUp&quot;}\" data-widget_type=\"heading.default\">\n\t\t\t\t\t<h2 class=\"elementor-heading-title elementor-size-default\">Kevin Grimes, Esq.\n<\/h2>\t\t\t\t<\/div>\n\t\t\t\t<div class=\"elementor-element elementor-element-5b49142 elementor-invisible elementor-widget elementor-widget-heading\" data-id=\"5b49142\" data-element_type=\"widget\" data-e-type=\"widget\" data-settings=\"{&quot;_animation&quot;:&quot;fadeInUp&quot;}\" data-widget_type=\"heading.default\">\n\t\t\t\t\t<h2 class=\"elementor-heading-title elementor-size-default\">Cofundador y asesor general\n<\/h2>\t\t\t\t<\/div>\n\t\t\t\t<\/div>\n\t\t\t\t\t<\/div>\n\t\t\t\t<\/div>\n\t\t<div class=\"elementor-element elementor-element-0c443d7 e-flex e-con-boxed e-con e-parent\" data-id=\"0c443d7\" data-element_type=\"container\" data-e-type=\"container\">\n\t\t\t\t\t<div class=\"e-con-inner\">\n\t\t\t\t<div class=\"elementor-element elementor-element-9f0d18f elementor-widget elementor-widget-text-editor\" data-id=\"9f0d18f\" data-element_type=\"widget\" data-e-type=\"widget\" data-widget_type=\"text-editor.default\">\n\t\t\t\t\t\t\t\t\t<p>Con m\u00e1s de 35 a\u00f1os de experiencia, Kevin Grimes es uno de los principales expertos legales del mundo en los aspectos legales y regulatorios de la venta directa y el marketing multinivel. Como autoridad reconocida en las leyes de la FDA y la FTC, ha asesorado a algunas de las marcas m\u00e1s reconocidas de la industria, incluyendo l\u00edderes como Herbalife y Melaleuca, en marcos legales complejos en el MLM y la venta directa.<\/p><p>Como Asesor General de Benivita\u2122, Kevin aporta una visi\u00f3n estrat\u00e9gica en las \u00e1reas legal, de cumplimiento y de gobernanza. Su compromiso con la excelencia y la integridad garantiza que<\/p><p>Benivita\u2122 opera sobre una base s\u00f3lida construida para un impacto a largo plazo.<\/p>\t\t\t\t\t\t\t\t<\/div>\n\t\t\t\t\t<\/div>\n\t\t\t\t<\/div>\n\t\t\t\t<\/div>","protected":false},"excerpt":{"rendered":"<p>Executive Team Kevin Grimes, Esq. Co-Founder and General Counsel With over 35 years of experience, Kevin Grimes is one of [&hellip;]<\/p>","protected":false},"author":1,"featured_media":0,"parent":0,"menu_order":0,"comment_status":"closed","ping_status":"closed","template":"","meta":{"site-sidebar-layout":"no-sidebar","site-content-layout":"","ast-site-content-layout":"full-width-container","site-content-style":"default","site-sidebar-style":"default","ast-global-header-display":"","ast-banner-title-visibility":"","ast-main-header-display":"","ast-hfb-above-header-display":"","ast-hfb-below-header-display":"","ast-hfb-mobile-header-display":"","site-post-title":"","ast-breadcrumbs-content":"","ast-featured-img":"disabled","footer-sml-layout":"","ast-disable-related-posts":"","theme-transparent-header-meta":"","adv-header-id-meta":"","stick-header-meta":"","header-above-stick-meta":"","header-main-stick-meta":"","header-below-stick-meta":"","astra-migrate-meta-layouts":"default","ast-page-background-enabled":"default","ast-page-background-meta":{"desktop":{"background-color":"var(--ast-global-color-5)","background-image":"","background-repeat":"repeat","background-position":"center center","background-size":"auto","background-attachment":"scroll","background-type":"","background-media":"","overlay-type":"","overlay-color":"","overlay-opacity":"","overlay-gradient":""},"tablet":{"background-color":"","background-image":"","background-repeat":"repeat","background-position":"center center","background-size":"auto","background-attachment":"scroll","background-type":"","background-media":"","overlay-type":"","overlay-color":"","overlay-opacity":"","overlay-gradient":""},"mobile":{"background-color":"","background-image":"","background-repeat":"repeat","background-position":"center center","background-size":"auto","background-attachment":"scroll","background-type":"","background-media":"","overlay-type":"","overlay-color":"","overlay-opacity":"","overlay-gradient":""}},"ast-content-background-meta":{"desktop":{"background-color":"var(--ast-global-color-4)","background-image":"","background-repeat":"repeat","background-position":"center center","background-size":"auto","background-attachment":"scroll","background-type":"","background-media":"","overlay-type":"","overlay-color":"","overlay-opacity":"","overlay-gradient":""},"tablet":{"background-color":"var(--ast-global-color-4)","background-image":"","background-repeat":"repeat","background-position":"center center","background-size":"auto","background-attachment":"scroll","background-type":"","background-media":"","overlay-type":"","overlay-color":"","overlay-opacity":"","overlay-gradient":""},"mobile":{"background-color":"var(--ast-global-color-4)","background-image":"","background-repeat":"repeat","background-position":"center center","background-size":"auto","background-attachment":"scroll","background-type":"","background-media":"","overlay-type":"","overlay-color":"","overlay-opacity":"","overlay-gradient":""}},"footnotes":""},"class_list":["post-831","page","type-page","status-publish","hentry"],"_links":{"self":[{"href":"https:\/\/benivita.com\/es\/wp-json\/wp\/v2\/pages\/831","targetHints":{"allow":["GET"]}}],"collection":[{"href":"https:\/\/benivita.com\/es\/wp-json\/wp\/v2\/pages"}],"about":[{"href":"https:\/\/benivita.com\/es\/wp-json\/wp\/v2\/types\/page"}],"author":[{"embeddable":true,"href":"https:\/\/benivita.com\/es\/wp-json\/wp\/v2\/users\/1"}],"replies":[{"embeddable":true,"href":"https:\/\/benivita.com\/es\/wp-json\/wp\/v2\/comments?post=831"}],"version-history":[{"count":13,"href":"https:\/\/benivita.com\/es\/wp-json\/wp\/v2\/pages\/831\/revisions"}],"predecessor-version":[{"id":1111,"href":"https:\/\/benivita.com\/es\/wp-json\/wp\/v2\/pages\/831\/revisions\/1111"}],"wp:attachment":[{"href":"https:\/\/benivita.com\/es\/wp-json\/wp\/v2\/media?parent=831"}],"curies":[{"name":"gracias","href":"https:\/\/api.w.org\/{rel}","templated":true}]}}