{"id":830,"date":"2025-07-18T03:16:03","date_gmt":"2025-07-18T03:16:03","guid":{"rendered":"https:\/\/benivita.maktechinstitute.com\/?page_id=830"},"modified":"2026-03-13T00:19:07","modified_gmt":"2026-03-13T00:19:07","slug":"jessica-marie-gutierrez-guzman","status":"publish","type":"page","link":"https:\/\/benivita.com\/es\/jessica-marie-gutierrez-guzman\/","title":{"rendered":"Jessica Marie Guti\u00e9rrez Guzm\u00e1n"},"content":{"rendered":"<div data-elementor-type=\"wp-page\" data-elementor-id=\"830\" class=\"elementor elementor-830\" data-elementor-post-type=\"page\">\n\t\t\t\t\t\t<section class=\"elementor-section elementor-top-section elementor-element elementor-element-058775d elementor-section-stretched elementor-section-height-min-height elementor-section-boxed elementor-section-height-default elementor-section-items-middle\" data-id=\"058775d\" data-element_type=\"section\" data-e-type=\"section\" data-settings=\"{&quot;background_background&quot;:&quot;classic&quot;,&quot;stretch_section&quot;:&quot;section-stretched&quot;}\">\n\t\t\t\t\t\t\t<div class=\"elementor-background-overlay\"><\/div>\n\t\t\t\t\t\t\t<div class=\"elementor-container elementor-column-gap-no\">\n\t\t\t\t\t<div class=\"elementor-column elementor-col-50 elementor-top-column elementor-element elementor-element-c321537\" data-id=\"c321537\" data-element_type=\"column\" data-e-type=\"column\">\n\t\t\t<div class=\"elementor-widget-wrap elementor-element-populated\">\n\t\t\t\t\t\t<div class=\"elementor-element elementor-element-b77bbce elementor-invisible elementor-widget elementor-widget-heading\" data-id=\"b77bbce\" data-element_type=\"widget\" data-e-type=\"widget\" data-settings=\"{&quot;_animation&quot;:&quot;fadeInUp&quot;}\" data-widget_type=\"heading.default\">\n\t\t\t\t\t<h2 class=\"elementor-heading-title elementor-size-default\">Equipo ejecutivo<\/h2>\t\t\t\t<\/div>\n\t\t\t\t\t<\/div>\n\t\t<\/div>\n\t\t\t\t<div class=\"elementor-column elementor-col-50 elementor-top-column elementor-element elementor-element-f10f0f0\" data-id=\"f10f0f0\" data-element_type=\"column\" data-e-type=\"column\">\n\t\t\t<div class=\"elementor-widget-wrap\">\n\t\t\t\t\t\t\t<\/div>\n\t\t<\/div>\n\t\t\t\t\t<\/div>\n\t\t<\/section>\n\t\t<div class=\"elementor-element elementor-element-9e6bad2 e-flex e-con-boxed e-con e-parent\" data-id=\"9e6bad2\" data-element_type=\"container\" data-e-type=\"container\">\n\t\t\t\t\t<div class=\"e-con-inner\">\n\t\t<div class=\"elementor-element elementor-element-29f5ae9 e-con-full e-flex e-con e-child\" data-id=\"29f5ae9\" data-element_type=\"container\" data-e-type=\"container\">\n\t\t\t\t<div class=\"elementor-element elementor-element-edc366b elementor-widget elementor-widget-image\" data-id=\"edc366b\" data-element_type=\"widget\" data-e-type=\"widget\" data-widget_type=\"image.default\">\n\t\t\t\t\t\t\t\t\t\t\t\t\t\t\t<img fetchpriority=\"high\" decoding=\"async\" width=\"2560\" height=\"2035\" src=\"https:\/\/benivita.com\/wp-content\/uploads\/2025\/11\/J-FADIL3-scaled.jpg\" class=\"attachment-full size-full wp-image-1101\" alt=\"Jessica Marie Gutierrez Guzman, President of Benivita, professional headshot\" srcset=\"https:\/\/benivita.com\/wp-content\/uploads\/2025\/11\/J-FADIL3-scaled.jpg 2560w, https:\/\/benivita.com\/wp-content\/uploads\/2025\/11\/J-FADIL3-300x239.jpg 300w, https:\/\/benivita.com\/wp-content\/uploads\/2025\/11\/J-FADIL3-1024x814.jpg 1024w, https:\/\/benivita.com\/wp-content\/uploads\/2025\/11\/J-FADIL3-768x611.jpg 768w, https:\/\/benivita.com\/wp-content\/uploads\/2025\/11\/J-FADIL3-1536x1221.jpg 1536w, https:\/\/benivita.com\/wp-content\/uploads\/2025\/11\/J-FADIL3-2048x1628.jpg 2048w, https:\/\/benivita.com\/wp-content\/uploads\/2025\/11\/J-FADIL3-15x12.jpg 15w\" sizes=\"(max-width: 2560px) 100vw, 2560px\" \/>\t\t\t\t\t\t\t\t\t\t\t\t\t\t\t<\/div>\n\t\t\t\t<\/div>\n\t\t<div class=\"elementor-element elementor-element-517f632 e-con-full e-flex e-con e-child\" data-id=\"517f632\" data-element_type=\"container\" data-e-type=\"container\" data-settings=\"{&quot;background_background&quot;:&quot;classic&quot;}\">\n\t\t\t\t<div class=\"elementor-element elementor-element-1d84b54 elementor-invisible elementor-widget elementor-widget-heading\" data-id=\"1d84b54\" data-element_type=\"widget\" data-e-type=\"widget\" data-settings=\"{&quot;_animation&quot;:&quot;fadeInUp&quot;}\" data-widget_type=\"heading.default\">\n\t\t\t\t\t<h2 class=\"elementor-heading-title elementor-size-default\">Jessica Marie Guti\u00e9rrez Guzm\u00e1n<\/h2>\t\t\t\t<\/div>\n\t\t\t\t<div class=\"elementor-element elementor-element-8751859 elementor-invisible elementor-widget elementor-widget-heading\" data-id=\"8751859\" data-element_type=\"widget\" data-e-type=\"widget\" data-settings=\"{&quot;_animation&quot;:&quot;fadeInUp&quot;}\" data-widget_type=\"heading.default\">\n\t\t\t\t\t<h2 class=\"elementor-heading-title elementor-size-default\">Directora de Mercadotecnia<\/h2>\t\t\t\t<\/div>\n\t\t\t\t<\/div>\n\t\t\t\t\t<\/div>\n\t\t\t\t<\/div>\n\t\t<div class=\"elementor-element elementor-element-8ff3108 e-flex e-con-boxed e-con e-parent\" data-id=\"8ff3108\" data-element_type=\"container\" data-e-type=\"container\">\n\t\t\t\t\t<div class=\"e-con-inner\">\n\t\t\t\t<div class=\"elementor-element elementor-element-9f964eb elementor-widget elementor-widget-text-editor\" data-id=\"9f964eb\" data-element_type=\"widget\" data-e-type=\"widget\" data-widget_type=\"text-editor.default\">\n\t\t\t\t\t\t\t\t\t<p data-start=\"156\" data-end=\"734\">Jessica Marie Guti\u00e9rrez Guzm\u00e1n es estratega ejecutiva y l\u00edder organizacional con dos d\u00e9cadas de trayectoria impulsando campa\u00f1as nacionales, influyendo en la toma de decisiones ejecutivas y construyendo marcas con visibilidad global. Como presidenta de Benivita\u2122, lidera la estrategia corporativa, el desarrollo de marca, las alianzas y la direcci\u00f3n organizacional, aportando una trayectoria demostrada de liderazgo intersectorial a la misi\u00f3n de la compa\u00f1\u00eda en la telesalud moderna.<\/p><p data-start=\"156\" data-end=\"734\">Ha conseguido una amplia cobertura medi\u00e1tica y publicitaria en importantes revistas, entre ellas <em data-start=\"1163\" data-end=\"1230\">Vogue, InStyle, O, Vanity Fair, Glamour, The Wall Street Journal,<\/em> y <em data-start=\"1235\" data-end=\"1246\">USA Today<\/em>\u2014as\u00ed como televisi\u00f3n, cine y plataformas digitales de alto tr\u00e1fico, al tiempo que dirige iniciativas de marketing integradas que impulsan constantemente un crecimiento y un compromiso mensurables.<\/p><p data-start=\"736\" data-end=\"2096\">Criada en Houston, Texas, Jessica obtuvo su Licenciatura en Negocios Internacionales en la Universidad de Houston a los 21 a\u00f1os. Su carrera despeg\u00f3 cuando fue contratada por Farouk Systems, Inc., la empresa creadora de CHI y BioSilk. Como una de las ejecutivas m\u00e1s j\u00f3venes en la historia de la empresa, trabaj\u00f3 directamente con el fundador Farouk Shami como Directora de Marketing y Relaciones P\u00fablicas, a la vez que se desempe\u00f1aba como Editora Gerente de <em data-start=\"1169\" data-end=\"1184\">Revista CHI,<\/em> Una publicaci\u00f3n internacional distribuida en m\u00e1s de 100 pa\u00edses. Durante m\u00e1s de seis a\u00f1os, como mano derecha del fundador, dirigi\u00f3 anuncios nacionales y sesiones fotogr\u00e1ficas globales, incluyendo una producci\u00f3n de Miss USA, y consigui\u00f3 cobertura en primera plana en <em data-start=\"1427\" data-end=\"1452\">El Wall Street Journal<\/em>y <em data-start=\"1457\" data-end=\"1469\">EE.UU. Hoy en d\u00eda.<\/em> Ella aterriz\u00f3 a Shami en <em data-start=\"1490\" data-end=\"1516\">CNN Money, FOX Business,<\/em> y tres temporadas de <em data-start=\"1538\" data-end=\"1561\">Aprendiz de celebridad,<\/em> Donde \u00e9l y su empresa se presentaron como la marca insignia, con concursantes famosos encargados de dise\u00f1ar campa\u00f1as para sus productos. M\u00e1s all\u00e1 de la prensa tradicional, Jessica consigui\u00f3 apariciones en televisi\u00f3n y cine que pusieron las marcas de Farouk en manos de celebridades de primera l\u00ednea, desde Jessica Alba y Miley Cyrus hasta Michael Jackson, expandiendo la relevancia cultural de la compa\u00f1\u00eda en Hollywood y la cultura pop global. Tambi\u00e9n realiz\u00f3 contribuciones clave a la estrategia pol\u00edtica, ayudando a generar un apoyo sin precedentes durante la campa\u00f1a de Shami a la gobernaci\u00f3n.<\/p><p data-start=\"2098\" data-end=\"2715\">Su experiencia e influencia fueron a\u00fan m\u00e1s reconocidas cuando la Escuela Kennedy de la Universidad de Harvard la invit\u00f3 a participar en el lanzamiento de su primera Iniciativa de Liderazgo Latino, un programa dise\u00f1ado para promover la representaci\u00f3n hispana en puestos de poder. A lo largo de los a\u00f1os, Jessica ha compartido espacios con algunas de las figuras m\u00e1s respetadas del pa\u00eds, como la jueza de la Corte Suprema Sonia Sotomayor, el presidente Barack Obama, Beyonc\u00e9, Mark Cuban, Jonathan Tisch y Paul Ch\u00e1vez, hijo del \u00edcono de los derechos civiles C\u00e9sar Ch\u00e1vez. Tambi\u00e9n es la creadora de <em data-start=\"2620\" data-end=\"2640\">El Blog Hispano,<\/em> nominado dos veces por South by Southwest y Univision <em data-start=\"2695\" data-end=\"2715\">Revoluci\u00f3n social.<\/em><\/p><p data-start=\"2717\" data-end=\"3784\">Jessica luego se convirti\u00f3 en Directora de Relaciones P\u00fablicas de FHI Heat, una marca de belleza internacional, donde dirigi\u00f3 asociaciones de medios nacionales con NBC. <em data-start=\"2865\" data-end=\"2872\">Extra<\/em> y encabez\u00f3 una campa\u00f1a de concientizaci\u00f3n sobre el c\u00e1ncer infantil con celebridades como Magic Johnson, Gene Simmons, Ryan Seacrest, el <em data-start=\"3001\" data-end=\"3016\">Familia moderna<\/em> Elenco y el Consejo Mundial de Boxeo. Durante su trayectoria, tambi\u00e9n protagoniz\u00f3 un piloto de televisi\u00f3n junto a dos publicistas latinas, destacando la influencia y la innovaci\u00f3n de las latinas en las relaciones p\u00fablicas del entretenimiento. Organiz\u00f3 promociones cruzadas con One Direction durante su gira estadounidense, se asoci\u00f3 con importantes Semanas de la Moda y consigui\u00f3 colocaciones de productos de alta visibilidad en... <em data-start=\"3388\" data-end=\"3428\">Los 12 d\u00edas de regalos de Ellen DeGeneres.<\/em> Un logro destacado incluy\u00f3 encabezar una asociaci\u00f3n hotelera a nivel nacional a trav\u00e9s de <em data-start=\"3514\" data-end=\"3535\">Extra en el cine<\/em>Con Mario L\u00f3pez, posicion\u00f3 la marca FHI Heat ante millones de viajeros. Sus contribuciones fueron reconocidas por la Academia de Televisi\u00f3n en los Premios Primetime Emmy, en honor a su papel en <em data-start=\"3736\" data-end=\"3759\">Saturday Night Live<\/em> Peinado excepcional.<\/p><p data-start=\"3786\" data-end=\"4125\">Tras la venta de FHI Heat en 2020, Jessica reorient\u00f3 su experiencia para apoyar las inversiones de su esposo en bienes ra\u00edces, capital privado y distribuci\u00f3n de productos de belleza durante su recuperaci\u00f3n de una lesi\u00f3n que le cambi\u00f3 la vida. Con su resiliencia distintiva, lider\u00f3 las operaciones y ampli\u00f3 su visi\u00f3n a largo plazo para transformar la accesibilidad a la atenci\u00f3n m\u00e9dica.<\/p><p data-start=\"4127\" data-end=\"4866\">Today, Jessica serves as the Chief Marketing Officer of Benivita\u2122, a mission-driven telehealth company dedicated to delivering affordable, bilingual, and culturally relevant healthcare solutions to underserved communities, particularly Latinos. Alongside her leadership at Benivita\u2122, she returned to a passion she has nurtured since her twenties\u2014behavioral science\u2014and developed Cognitive Emotional Repatterning\u2122 (CER), a proprietary 7-phase method designed to help high-achieving women rewire subconscious patterns that limit performance by working directly with the nervous system. She is currently preparing for the publication of her first book, <em data-start=\"4759\" data-end=\"4773\">Sin patr\u00f3n,<\/em> que explora la metodolog\u00eda CER y su papel en la transformaci\u00f3n personal y profesional.<\/p><p data-start=\"4868\" data-end=\"5030\">La carrera de Jessica refleja una l\u00ednea argumental singular: romper barreras, construir marcas y ampliar el acceso, ya sea a las oportunidades, la atenci\u00f3n m\u00e9dica o el potencial humano.<\/p>\t\t\t\t\t\t\t\t<\/div>\n\t\t\t\t\t<\/div>\n\t\t\t\t<\/div>\n\t\t\t\t<\/div>","protected":false},"excerpt":{"rendered":"<p>Executive Team Jessica Marie Gutierrez Guzman Chief Marketing Officer Jessica Marie Gutierrez Guzman is an executive strategist and organizational leader [&hellip;]<\/p>","protected":false},"author":1,"featured_media":0,"parent":0,"menu_order":0,"comment_status":"closed","ping_status":"closed","template":"","meta":{"site-sidebar-layout":"no-sidebar","site-content-layout":"","ast-site-content-layout":"full-width-container","site-content-style":"default","site-sidebar-style":"default","ast-global-header-display":"","ast-banner-title-visibility":"","ast-main-header-display":"","ast-hfb-above-header-display":"","ast-hfb-below-header-display":"","ast-hfb-mobile-header-display":"","site-post-title":"","ast-breadcrumbs-content":"","ast-featured-img":"disabled","footer-sml-layout":"","ast-disable-related-posts":"","theme-transparent-header-meta":"","adv-header-id-meta":"","stick-header-meta":"","header-above-stick-meta":"","header-main-stick-meta":"","header-below-stick-meta":"","astra-migrate-meta-layouts":"default","ast-page-background-enabled":"default","ast-page-background-meta":{"desktop":{"background-color":"var(--ast-global-color-5)","background-image":"","background-repeat":"repeat","background-position":"center center","background-size":"auto","background-attachment":"scroll","background-type":"","background-media":"","overlay-type":"","overlay-color":"","overlay-opacity":"","overlay-gradient":""},"tablet":{"background-color":"","background-image":"","background-repeat":"repeat","background-position":"center center","background-size":"auto","background-attachment":"scroll","background-type":"","background-media":"","overlay-type":"","overlay-color":"","overlay-opacity":"","overlay-gradient":""},"mobile":{"background-color":"","background-image":"","background-repeat":"repeat","background-position":"center center","background-size":"auto","background-attachment":"scroll","background-type":"","background-media":"","overlay-type":"","overlay-color":"","overlay-opacity":"","overlay-gradient":""}},"ast-content-background-meta":{"desktop":{"background-color":"var(--ast-global-color-4)","background-image":"","background-repeat":"repeat","background-position":"center center","background-size":"auto","background-attachment":"scroll","background-type":"","background-media":"","overlay-type":"","overlay-color":"","overlay-opacity":"","overlay-gradient":""},"tablet":{"background-color":"var(--ast-global-color-4)","background-image":"","background-repeat":"repeat","background-position":"center center","background-size":"auto","background-attachment":"scroll","background-type":"","background-media":"","overlay-type":"","overlay-color":"","overlay-opacity":"","overlay-gradient":""},"mobile":{"background-color":"var(--ast-global-color-4)","background-image":"","background-repeat":"repeat","background-position":"center center","background-size":"auto","background-attachment":"scroll","background-type":"","background-media":"","overlay-type":"","overlay-color":"","overlay-opacity":"","overlay-gradient":""}},"footnotes":""},"class_list":["post-830","page","type-page","status-publish","hentry"],"_links":{"self":[{"href":"https:\/\/benivita.com\/es\/wp-json\/wp\/v2\/pages\/830","targetHints":{"allow":["GET"]}}],"collection":[{"href":"https:\/\/benivita.com\/es\/wp-json\/wp\/v2\/pages"}],"about":[{"href":"https:\/\/benivita.com\/es\/wp-json\/wp\/v2\/types\/page"}],"author":[{"embeddable":true,"href":"https:\/\/benivita.com\/es\/wp-json\/wp\/v2\/users\/1"}],"replies":[{"embeddable":true,"href":"https:\/\/benivita.com\/es\/wp-json\/wp\/v2\/comments?post=830"}],"version-history":[{"count":20,"href":"https:\/\/benivita.com\/es\/wp-json\/wp\/v2\/pages\/830\/revisions"}],"predecessor-version":[{"id":1383,"href":"https:\/\/benivita.com\/es\/wp-json\/wp\/v2\/pages\/830\/revisions\/1383"}],"wp:attachment":[{"href":"https:\/\/benivita.com\/es\/wp-json\/wp\/v2\/media?parent=830"}],"curies":[{"name":"gracias","href":"https:\/\/api.w.org\/{rel}","templated":true}]}}