{"id":829,"date":"2025-07-18T03:15:46","date_gmt":"2025-07-18T03:15:46","guid":{"rendered":"https:\/\/benivita.maktechinstitute.com\/?page_id=829"},"modified":"2025-11-22T20:15:52","modified_gmt":"2025-11-22T20:15:52","slug":"jon-guzman","status":"publish","type":"page","link":"https:\/\/benivita.com\/es\/jon-guzman\/","title":{"rendered":"Jon Guzm\u00e1n"},"content":{"rendered":"<div data-elementor-type=\"wp-page\" data-elementor-id=\"829\" class=\"elementor elementor-829\" data-elementor-post-type=\"page\">\n\t\t\t\t\t\t<section class=\"elementor-section elementor-top-section elementor-element elementor-element-7a42a75 elementor-section-stretched elementor-section-height-min-height elementor-section-boxed elementor-section-height-default elementor-section-items-middle\" data-id=\"7a42a75\" data-element_type=\"section\" data-e-type=\"section\" data-settings=\"{&quot;background_background&quot;:&quot;classic&quot;,&quot;stretch_section&quot;:&quot;section-stretched&quot;}\">\n\t\t\t\t\t\t\t<div class=\"elementor-background-overlay\"><\/div>\n\t\t\t\t\t\t\t<div class=\"elementor-container elementor-column-gap-no\">\n\t\t\t\t\t<div class=\"elementor-column elementor-col-50 elementor-top-column elementor-element elementor-element-0c8cfca\" data-id=\"0c8cfca\" data-element_type=\"column\" data-e-type=\"column\">\n\t\t\t<div class=\"elementor-widget-wrap elementor-element-populated\">\n\t\t\t\t\t\t<div class=\"elementor-element elementor-element-b4333f8 elementor-invisible elementor-widget elementor-widget-heading\" data-id=\"b4333f8\" data-element_type=\"widget\" data-e-type=\"widget\" data-settings=\"{&quot;_animation&quot;:&quot;fadeInUp&quot;}\" data-widget_type=\"heading.default\">\n\t\t\t\t\t<h2 class=\"elementor-heading-title elementor-size-default\">Equipo ejecutivo<\/h2>\t\t\t\t<\/div>\n\t\t\t\t\t<\/div>\n\t\t<\/div>\n\t\t\t\t<div class=\"elementor-column elementor-col-50 elementor-top-column elementor-element elementor-element-7cf9c95\" data-id=\"7cf9c95\" data-element_type=\"column\" data-e-type=\"column\">\n\t\t\t<div class=\"elementor-widget-wrap\">\n\t\t\t\t\t\t\t<\/div>\n\t\t<\/div>\n\t\t\t\t\t<\/div>\n\t\t<\/section>\n\t\t<div class=\"elementor-element elementor-element-cbf1dca e-flex e-con-boxed e-con e-parent\" data-id=\"cbf1dca\" data-element_type=\"container\" data-e-type=\"container\">\n\t\t\t\t\t<div class=\"e-con-inner\">\n\t\t<div class=\"elementor-element elementor-element-ffc3676 e-con-full e-flex e-con e-child\" data-id=\"ffc3676\" data-element_type=\"container\" data-e-type=\"container\">\n\t\t\t\t<div class=\"elementor-element elementor-element-4580391 elementor-widget elementor-widget-image\" data-id=\"4580391\" data-element_type=\"widget\" data-e-type=\"widget\" data-widget_type=\"image.default\">\n\t\t\t\t\t\t\t\t\t\t\t\t\t\t\t<img fetchpriority=\"high\" decoding=\"async\" width=\"853\" height=\"853\" src=\"https:\/\/benivita.com\/wp-content\/uploads\/2025\/07\/IMG_5752-2.jpg\" class=\"attachment-full size-full wp-image-319\" alt=\"\" srcset=\"https:\/\/benivita.com\/wp-content\/uploads\/2025\/07\/IMG_5752-2.jpg 853w, https:\/\/benivita.com\/wp-content\/uploads\/2025\/07\/IMG_5752-2-300x300.jpg 300w, https:\/\/benivita.com\/wp-content\/uploads\/2025\/07\/IMG_5752-2-150x150.jpg 150w, https:\/\/benivita.com\/wp-content\/uploads\/2025\/07\/IMG_5752-2-768x768.jpg 768w\" sizes=\"(max-width: 853px) 100vw, 853px\" \/>\t\t\t\t\t\t\t\t\t\t\t\t\t\t\t<\/div>\n\t\t\t\t<\/div>\n\t\t<div class=\"elementor-element elementor-element-9671d14 e-con-full e-flex e-con e-child\" data-id=\"9671d14\" data-element_type=\"container\" data-e-type=\"container\" data-settings=\"{&quot;background_background&quot;:&quot;classic&quot;}\">\n\t\t\t\t<div class=\"elementor-element elementor-element-040d95e elementor-invisible elementor-widget elementor-widget-heading\" data-id=\"040d95e\" data-element_type=\"widget\" data-e-type=\"widget\" data-settings=\"{&quot;_animation&quot;:&quot;fadeInUp&quot;}\" data-widget_type=\"heading.default\">\n\t\t\t\t\t<h2 class=\"elementor-heading-title elementor-size-default\">Jon Guzm\u00e1n<\/h2>\t\t\t\t<\/div>\n\t\t\t\t<div class=\"elementor-element elementor-element-2bfb050 elementor-invisible elementor-widget elementor-widget-heading\" data-id=\"2bfb050\" data-element_type=\"widget\" data-e-type=\"widget\" data-settings=\"{&quot;_animation&quot;:&quot;fadeInUp&quot;}\" data-widget_type=\"heading.default\">\n\t\t\t\t\t<h2 class=\"elementor-heading-title elementor-size-default\">Fundador y director ejecutivo<\/h2>\t\t\t\t<\/div>\n\t\t\t\t<\/div>\n\t\t\t\t\t<\/div>\n\t\t\t\t<\/div>\n\t\t<div class=\"elementor-element elementor-element-8b5a1f1 e-flex e-con-boxed e-con e-parent\" data-id=\"8b5a1f1\" data-element_type=\"container\" data-e-type=\"container\">\n\t\t\t\t\t<div class=\"e-con-inner\">\n\t\t\t\t<div class=\"elementor-element elementor-element-ea15f38 elementor-widget elementor-widget-text-editor\" data-id=\"ea15f38\" data-element_type=\"widget\" data-e-type=\"widget\" data-widget_type=\"text-editor.default\">\n\t\t\t\t\t\t\t\t\t<p>Jon Guzman es un empresario global y director ejecutivo de Benivita Inc., con m\u00e1s de 25 a\u00f1os de experiencia en marketing directo, capital privado y emprendimientos comerciales multinacionales.<\/p><p>Jon Guzm\u00e1n es el visionario fundador y director ejecutivo de Benivita Inc., l\u00edder en innovaci\u00f3n que combina bienestar, emprendimiento y expansi\u00f3n global. Con m\u00e1s de 25 a\u00f1os de experiencia en ventas directas y marketing, Jon se ha forjado una reputaci\u00f3n como un destacado creador de negocios globales, lo que le ha valido un puesto entre los 250 con mayores ingresos de por vida en la industria del MLM.<\/p><p>Tambi\u00e9n se desempe\u00f1a como:<\/p><ul class=\"wp-block-list\"><li>Director ejecutivo y socio accionista de Contractors Wholesale Warehouse, Inc. (California)<\/li><li>Director ejecutivo y fundador de Locan Global, LLC, una firma especializada en capital privado y distribuci\u00f3n internacional de productos.<\/li><li>Socio de capital en Open Seas Trading (Asia), que conecta los mercados globales a trav\u00e9s del comercio transfronterizo<\/li><\/ul><p>Jon, un inversor inmobiliario experimentado, ha liderado con \u00e9xito proyectos de desarrollo, renovaciones de propiedades y acuerdos financieros estructurados de alto nivel alineados con los est\u00e1ndares de Wall Street.<\/p><p>M\u00e1s all\u00e1 de los negocios, Jon es un solicitado orador motivacional, capacitador global y mentor de liderazgo, comprometido a cultivar la pr\u00f3xima generaci\u00f3n de emprendedores internacionales.<\/p>\t\t\t\t\t\t\t\t<\/div>\n\t\t\t\t\t<\/div>\n\t\t\t\t<\/div>\n\t\t\t\t<\/div>","protected":false},"excerpt":{"rendered":"<p>Executive Team Jon Guzman Founder and CEO Jon Guzman is a global entrepreneur and CEO of Benivita Inc., with 25+ [&hellip;]<\/p>","protected":false},"author":1,"featured_media":0,"parent":0,"menu_order":0,"comment_status":"closed","ping_status":"closed","template":"","meta":{"site-sidebar-layout":"no-sidebar","site-content-layout":"","ast-site-content-layout":"full-width-container","site-content-style":"default","site-sidebar-style":"default","ast-global-header-display":"","ast-banner-title-visibility":"","ast-main-header-display":"","ast-hfb-above-header-display":"","ast-hfb-below-header-display":"","ast-hfb-mobile-header-display":"","site-post-title":"","ast-breadcrumbs-content":"","ast-featured-img":"disabled","footer-sml-layout":"","ast-disable-related-posts":"","theme-transparent-header-meta":"","adv-header-id-meta":"","stick-header-meta":"","header-above-stick-meta":"","header-main-stick-meta":"","header-below-stick-meta":"","astra-migrate-meta-layouts":"default","ast-page-background-enabled":"default","ast-page-background-meta":{"desktop":{"background-color":"var(--ast-global-color-5)","background-image":"","background-repeat":"repeat","background-position":"center center","background-size":"auto","background-attachment":"scroll","background-type":"","background-media":"","overlay-type":"","overlay-color":"","overlay-opacity":"","overlay-gradient":""},"tablet":{"background-color":"","background-image":"","background-repeat":"repeat","background-position":"center center","background-size":"auto","background-attachment":"scroll","background-type":"","background-media":"","overlay-type":"","overlay-color":"","overlay-opacity":"","overlay-gradient":""},"mobile":{"background-color":"","background-image":"","background-repeat":"repeat","background-position":"center center","background-size":"auto","background-attachment":"scroll","background-type":"","background-media":"","overlay-type":"","overlay-color":"","overlay-opacity":"","overlay-gradient":""}},"ast-content-background-meta":{"desktop":{"background-color":"var(--ast-global-color-4)","background-image":"","background-repeat":"repeat","background-position":"center center","background-size":"auto","background-attachment":"scroll","background-type":"","background-media":"","overlay-type":"","overlay-color":"","overlay-opacity":"","overlay-gradient":""},"tablet":{"background-color":"var(--ast-global-color-4)","background-image":"","background-repeat":"repeat","background-position":"center center","background-size":"auto","background-attachment":"scroll","background-type":"","background-media":"","overlay-type":"","overlay-color":"","overlay-opacity":"","overlay-gradient":""},"mobile":{"background-color":"var(--ast-global-color-4)","background-image":"","background-repeat":"repeat","background-position":"center center","background-size":"auto","background-attachment":"scroll","background-type":"","background-media":"","overlay-type":"","overlay-color":"","overlay-opacity":"","overlay-gradient":""}},"footnotes":""},"class_list":["post-829","page","type-page","status-publish","hentry"],"_links":{"self":[{"href":"https:\/\/benivita.com\/es\/wp-json\/wp\/v2\/pages\/829","targetHints":{"allow":["GET"]}}],"collection":[{"href":"https:\/\/benivita.com\/es\/wp-json\/wp\/v2\/pages"}],"about":[{"href":"https:\/\/benivita.com\/es\/wp-json\/wp\/v2\/types\/page"}],"author":[{"embeddable":true,"href":"https:\/\/benivita.com\/es\/wp-json\/wp\/v2\/users\/1"}],"replies":[{"embeddable":true,"href":"https:\/\/benivita.com\/es\/wp-json\/wp\/v2\/comments?post=829"}],"version-history":[{"count":25,"href":"https:\/\/benivita.com\/es\/wp-json\/wp\/v2\/pages\/829\/revisions"}],"predecessor-version":[{"id":1108,"href":"https:\/\/benivita.com\/es\/wp-json\/wp\/v2\/pages\/829\/revisions\/1108"}],"wp:attachment":[{"href":"https:\/\/benivita.com\/es\/wp-json\/wp\/v2\/media?parent=829"}],"curies":[{"name":"gracias","href":"https:\/\/api.w.org\/{rel}","templated":true}]}}